{"id":948,"date":"2016-10-05T11:43:20","date_gmt":"2016-10-05T11:43:20","guid":{"rendered":"http:\/\/localhost\/Themegrill\/wordpress_flash\/?page_id=115"},"modified":"2019-02-23T10:47:06","modified_gmt":"2019-02-23T10:47:06","slug":"booking","status":"publish","type":"page","link":"https:\/\/quintadafonte.com.pt\/turismo\/booking\/","title":{"rendered":"Booking"},"content":{"rendered":"<p><img loading=\"lazy\" decoding=\"async\" class=\"alignnone size-full wp-image-1496\" src=\"https:\/\/quintadafonte.com.pt\/turismo\/wp-content\/uploads\/2019\/02\/Quinta-da-Fonte-Turismo-Rural-Booking-pg.jpg\" alt=\"\" width=\"1200\" height=\"400\" srcset=\"https:\/\/quintadafonte.com.pt\/turismo\/wp-content\/uploads\/2019\/02\/Quinta-da-Fonte-Turismo-Rural-Booking-pg.jpg 1200w, https:\/\/quintadafonte.com.pt\/turismo\/wp-content\/uploads\/2019\/02\/Quinta-da-Fonte-Turismo-Rural-Booking-pg-300x100.jpg 300w, https:\/\/quintadafonte.com.pt\/turismo\/wp-content\/uploads\/2019\/02\/Quinta-da-Fonte-Turismo-Rural-Booking-pg-768x256.jpg 768w, https:\/\/quintadafonte.com.pt\/turismo\/wp-content\/uploads\/2019\/02\/Quinta-da-Fonte-Turismo-Rural-Booking-pg-1024x341.jpg 1024w\" sizes=\"auto, (max-width: 1200px) 100vw, 1200px\" \/><\/p>\n<h5><\/h5>\n<h3><span style=\"color: #808080;\">SOLICITA\u00c7\u00c3O DE DISPONIBILIDADE<\/span><\/h3>\n<p><img loading=\"lazy\" decoding=\"async\" class=\"alignnone size-full wp-image-1546\" src=\"https:\/\/quintadafonte.com.pt\/turismo\/wp-content\/uploads\/2019\/02\/espaco.png\" alt=\"\" width=\"50\" height=\"50\" \/><\/p>\n<h5><span style=\"color: #4f4f4f;\">ESCOLHA O ALOJAMENTO<\/span><\/h5>\n<div class=\"everest-forms\"><div class=\"evf-container default\" id=\"evf-294\"><form id=\"evf-form-294\" class=\"everest-form\" data-formid=\"294\" data-ajax_submission=\"0\" data-keyboard_friendly_form=\"0\" data-form_state_type=\"\" method=\"post\" enctype=\"multipart\/form-data\" action=\"\/turismo\/wp-json\/wp\/v2\/pages\/948\"><div class=\"evf-field-container\"><input type=\"hidden\" id=\"_wpnonce294\" name=\"_wpnonce294\" value=\"6707ee81f2\" \/><input type=\"hidden\" name=\"_wp_http_referer\" value=\"\/turismo\/wp-json\/wp\/v2\/pages\/948\" \/><div class=\"evf-frontend-row\" data-row=\"row_1\" conditional_rules=\"[]\"><div class=\"evf-frontend-grid evf-grid-1\" data-grid=\"grid_1\"><div id=\"evf-294-field_G7n5vo2Ix2-5-container\" class=\"evf-field evf-field-select form-row\" data-field-id=\"G7n5vo2Ix2-5\"><label class=\"evf-field-label\" for=\"evf-294-field_G7n5vo2Ix2-5\"><span class=\"evf-label\">Alojamento<\/span> <\/label><select id=\"evf-294-field_G7n5vo2Ix2-5\" class=\"input-text\" name=\"everest_forms[form_fields][G7n5vo2Ix2-5]\" ><option value=\"Quarto da Plan\u00edcie Dourada\" >Quarto da Plan\u00edcie Dourada<\/option><option value=\"Quarto Seara Vermelha\" >Quarto Seara Vermelha<\/option><option value=\"Quarto das Rosas\" >Quarto das Rosas<\/option><option value=\"Quarto da Primavera\" >Quarto da Primavera<\/option><option value=\"Quarto do Pinhal\" >Quarto do Pinhal<\/option><option value=\"Quarto da Serra\" >Quarto da Serra<\/option><option value=\"Quarto p\u00f4r do Sol\" >Quarto p\u00f4r do Sol<\/option><option value=\"Bungalow\" >Bungalow<\/option><\/select><\/div><div id=\"evf-294-field_name-container\" class=\"evf-field evf-field-text form-row validate-required\" data-required-field-message=\"Este campo \u00e9 obrigat\u00f3rio\" data-field-id=\"name\"><label class=\"evf-field-label\" for=\"evf-294-field_name\"><span class=\"evf-label\">Nome<\/span> <abbr class=\"required\" title=\"Required\">*<\/abbr><\/label><input type=\"text\" id=\"evf-294-field_name\" class=\"input-text\" name=\"everest_forms[form_fields][name]\" required><\/div><div id=\"evf-294-field_email-container\" class=\"evf-field evf-field-email form-row validate-required validate-email\" data-required-field-message=\"Por favor insira um endere\u00e7o de email v\u00e1lido\" data-field-id=\"email\"><label class=\"evf-field-label\" for=\"evf-294-field_email\"><span class=\"evf-label\">Email<\/span> <abbr class=\"required\" title=\"Required\">*<\/abbr><\/label><input type=\"email\" id=\"evf-294-field_email\" class=\"input-text\" name=\"everest_forms[form_fields][email]\" required ><\/div><div id=\"evf-294-field_kAZ0KCfB9y-10-container\" class=\"evf-field evf-field-number form-row\" data-field-id=\"kAZ0KCfB9y-10\"><label class=\"evf-field-label\" for=\"evf-294-field_kAZ0KCfB9y-10\"><span class=\"evf-label\">Telef.<\/span> <\/label><input type=\"number\" id=\"evf-294-field_kAZ0KCfB9y-10\" class=\"input-text\" name=\"everest_forms[form_fields][kAZ0KCfB9y-10]\" \/><\/div><div id=\"evf-294-field_68WSN95iKF-1-container\" class=\"evf-field evf-field-date-time form-row\" data-field-id=\"68WSN95iKF-1\"><label class=\"evf-field-label\" for=\"evf-294-field_68WSN95iKF-1\"><span class=\"evf-label\">Check in<\/span> <\/label><input type=\"text\" id=\"evf-294-field_68WSN95iKF-1\" class=\"flatpickr-field input-text\" name=\"everest_forms[form_fields][68WSN95iKF-1]\" data-time-interval=\"15\" data-date-time=\"date\" data-mode=\"single\" data-locale=\"en\" data-date-format=\"Y-m-d\"  ><\/div><div id=\"evf-294-field_jwooFo0ago-9-container\" class=\"evf-field evf-field-date-time form-row\" data-field-id=\"jwooFo0ago-9\"><label class=\"evf-field-label\" for=\"evf-294-field_jwooFo0ago-9\"><span class=\"evf-label\">Check out<\/span> <\/label><input type=\"text\" id=\"evf-294-field_jwooFo0ago-9\" class=\"flatpickr-field input-text\" name=\"everest_forms[form_fields][jwooFo0ago-9]\" data-time-interval=\"15\" data-date-time=\"date\" data-mode=\"single\" data-locale=\"en\" data-date-format=\"Y-m-d\"  ><\/div><div id=\"evf-294-field_YA4UFUuIPn-7-container\" class=\"evf-field evf-field-number form-row validate-required\" data-required-field-message=\"\" data-field-id=\"YA4UFUuIPn-7\"><label class=\"evf-field-label\" for=\"evf-294-field_YA4UFUuIPn-7\"><span class=\"evf-label\">N\u00ba de Pessoas<\/span> <abbr class=\"required\" title=\"Required\">*<\/abbr><\/label><input type=\"number\" id=\"evf-294-field_YA4UFUuIPn-7\" class=\"input-text\" name=\"everest_forms[form_fields][YA4UFUuIPn-7]\" placeholder=\"N\u00ba de Pessoas\" required\/><\/div><\/div><\/div><div class=\"evf-frontend-row\" data-row=\"row_2\" conditional_rules=\"[]\"><div class=\"evf-frontend-grid evf-grid-1\" data-grid=\"grid_1\"><div id=\"evf-294-field_IWX5HFxv2j-18-container\" class=\"evf-field evf-field-recaptcha form-row\" data-field-id=\"IWX5HFxv2j-18\"><div class=\"evf-recaptcha-container \" style=\"display:block\"><div class=\"g-recaptcha\" data-sitekey=\"6Le2apMUAAAAANZBe2yUpspUic9eEcQmAeGy3w0T\"><\/div><\/div><\/div><\/div><\/div><div class=\"evf-frontend-row\" data-row=\"row_3\" conditional_rules=\"[]\"><div class=\"evf-frontend-grid evf-grid-1\" data-grid=\"grid_1\"><div id=\"evf-294-field_IWX5HFxv2j-18-container\" class=\"evf-field evf-field-recaptcha form-row\" data-field-id=\"IWX5HFxv2j-18\"><div class=\"evf-recaptcha-container \" style=\"display:block\"><div class=\"g-recaptcha\" data-sitekey=\"6Le2apMUAAAAANZBe2yUpspUic9eEcQmAeGy3w0T\"><\/div><\/div><\/div><\/div><\/div><\/div><div class=\"evf-honeypot-container evf-field-hp\"><label for=\"evf-294-field-hp\" class=\"evf-field-label\">Phone<\/label><input type=\"text\" name=\"everest_forms[hp]\" id=\"evf-294-field-hp\" class=\"input-text\"><\/div><div class=\"evf-submit-container \" ><input type=\"hidden\" name=\"everest_forms[id]\" value=\"294\"><input type=\"hidden\" name=\"everest_forms[author]\" value=\"1\"><button type='submit' name='everest_forms[submit]' class='everest-forms-submit-button button evf-submit ' id='evf-submit-294' value='evf-submit' data-process-text=\"Processing\u2026\" conditional_rules='&quot;&quot;' conditional_id='evf-submit-294'  id=\"evf-submit-294\" aria-live=\"assertive\">Enviar<\/button><\/div><\/form><\/div><!-- .evf-container --><\/div>\n<h4><\/h4>\n<h4 style=\"text-align: center;\">Caracter\u00edsticas e Pre\u00e7\u00e1rio<\/h4>\n<table style=\"width: 781px;\">\n<tbody>\n<tr>\n<td style=\"width: 319px;\">\n<p style=\"padding-left: 30px;\"><span style=\"color: #ff0000;\"><span style=\"color: #008080;\"><i class=\"fa fa-snowflake-o \" ><\/i><\/span> <\/span> Ar condicionado<\/p>\n<p style=\"padding-left: 30px;\"><span style=\"color: #008080;\"><i class=\"fa fa-female \" ><\/i> <\/span> Casa de banho privativa,<\/p>\n<p style=\"padding-left: 30px;\"><span style=\"color: #008080;\"><i class=\"fa fa-wifi \" ><\/i> <\/span> WIFI free<\/p>\n<p style=\"padding-left: 30px;\"><span style=\"color: #008080;\"><i class=\"fa fa-television \" ><\/i> <\/span> Televis\u00e3o<\/p>\n<p style=\"padding-left: 30px;\"><span style=\"color: #008080;\"><i class=\"fa fa-asterisk \" ><\/i> <\/span> Frigo bar<\/p>\n<p style=\"padding-left: 30px;\"><span style=\"color: #008080;\"><i class=\"fa fa-cutlery \" ><\/i> <\/span>Utiliza\u00e7\u00e3o gratuita de cozinha e churrasco ao ar livre<\/p>\n<p style=\"padding-left: 30px;\"><span style=\"color: #008080;\"><i class=\"fa fa-sitemap \" ><\/i> <\/span>Piscina, parque infantil,<\/p>\n<p style=\"padding-left: 30px;\"><span style=\"color: #008080;\"><i class=\"fa fa-bicycle \" ><\/i> <\/span>bicicletas, matraquilho<\/p>\n<p style=\"padding-left: 30px;\"><span style=\"font-size: 12pt;\"><span style=\"color: #008080;\"><i class=\"fa fa-tag \" ><\/i> <\/span>Todos os quartos do empreendimento s\u00e3o independentes<\/span><\/p>\n<p>&nbsp;<\/td>\n<td style=\"width: 446px;\">\n<table id=\"tablepress-1\" class=\"tablepress tablepress-id-1\">\n<tbody class=\"row-striping row-hover\">\n<tr class=\"row-1\">\n\t<td class=\"column-1\">Quartos Duplos<\/td><td class=\"column-2\">80\u20ac \/ noite  Pequeno almo\u00e7o incluido<\/td>\n<\/tr>\n<tr class=\"row-2\">\n\t<td class=\"column-1\">Quarto Familiar<\/td><td class=\"column-2\">90\u20ac \/ noite Pequeno almo\u00e7o incluido<\/td>\n<\/tr>\n<tr class=\"row-3\">\n\t<td class=\"column-1\">Bungalow ( T2 )<\/td><td class=\"column-2\">130\u20ac \/ noite<\/td>\n<\/tr>\n<tr class=\"row-4\">\n\t<td class=\"column-1\">Diversas Atividades<\/td><td class=\"column-2\"><\/td>\n<\/tr>\n<tr class=\"row-5\">\n\t<td class=\"column-1\"><\/td><td class=\"column-2\">Ver espa\u00e7o pr\u00f3prio \\\"V\u00e1 Passear\\\"<\/td>\n<\/tr>\n<tr class=\"row-6\">\n\t<td class=\"column-1\">Piscina, parque infantil, bicicletas, matraquilhos<\/td><td class=\"column-2\">gr\u00e1tis<\/td>\n<\/tr>\n<tr class=\"row-7\">\n\t<td class=\"column-1\">churrasco ao ar livre<\/td><td class=\"column-2\">gr\u00e1tis<\/td>\n<\/tr>\n<tr class=\"row-8\">\n\t<td class=\"column-1\">WIFI<\/td><td class=\"column-2\">gr\u00e1tis<\/td>\n<\/tr>\n<\/tbody>\n<\/table>\n<\/td>\n<\/tr>\n<\/tbody>\n<\/table>\n<p>&nbsp;<\/p>\n<p>&nbsp;<\/p>\n","protected":false},"excerpt":{"rendered":"<p>SOLICITA\u00c7\u00c3O DE DISPONIBILIDADE ESCOLHA O ALOJAMENTO Caracter\u00edsticas e Pre\u00e7\u00e1rio Ar condicionado Casa de banho privativa, WIFI free Televis\u00e3o Frigo bar [&hellip;]<\/p>\n","protected":false},"author":1,"featured_media":0,"parent":0,"menu_order":0,"comment_status":"closed","ping_status":"closed","template":"","meta":{"footnotes":""},"class_list":["post-948","page","type-page","status-publish","hentry"],"_links":{"self":[{"href":"https:\/\/quintadafonte.com.pt\/turismo\/wp-json\/wp\/v2\/pages\/948","targetHints":{"allow":["GET"]}}],"collection":[{"href":"https:\/\/quintadafonte.com.pt\/turismo\/wp-json\/wp\/v2\/pages"}],"about":[{"href":"https:\/\/quintadafonte.com.pt\/turismo\/wp-json\/wp\/v2\/types\/page"}],"author":[{"embeddable":true,"href":"https:\/\/quintadafonte.com.pt\/turismo\/wp-json\/wp\/v2\/users\/1"}],"replies":[{"embeddable":true,"href":"https:\/\/quintadafonte.com.pt\/turismo\/wp-json\/wp\/v2\/comments?post=948"}],"version-history":[{"count":17,"href":"https:\/\/quintadafonte.com.pt\/turismo\/wp-json\/wp\/v2\/pages\/948\/revisions"}],"predecessor-version":[{"id":1651,"href":"https:\/\/quintadafonte.com.pt\/turismo\/wp-json\/wp\/v2\/pages\/948\/revisions\/1651"}],"wp:attachment":[{"href":"https:\/\/quintadafonte.com.pt\/turismo\/wp-json\/wp\/v2\/media?parent=948"}],"curies":[{"name":"wp","href":"https:\/\/api.w.org\/{rel}","templated":true}]}}