{"id":664,"date":"2018-03-17T20:44:06","date_gmt":"2018-03-17T20:44:06","guid":{"rendered":"http:\/\/quintadafonte.com.pt\/turismo\/?page_id=664"},"modified":"2019-02-20T17:44:50","modified_gmt":"2019-02-20T17:44:50","slug":"hotel-canino","status":"publish","type":"page","link":"https:\/\/quintadafonte.com.pt\/turismo\/hotel-canino\/","title":{"rendered":"Hotel Canino"},"content":{"rendered":"<div id=\"pl-664\"  class=\"panel-layout\" ><div id=\"pg-664-0\"  class=\"panel-grid panel-no-style\" ><div id=\"pgc-664-0-0\"  class=\"panel-grid-cell\" ><div id=\"panel-664-0-0-0\" class=\"so-panel widget widget_metaslider_widget panel-first-child panel-last-child\" data-index=\"0\" ><div id=\"metaslider-id-1529\" style=\"max-width: 800px;\" class=\"ml-slider-3-108-0 metaslider metaslider-flex metaslider-1529 ml-slider ms-theme-default nav-hidden\" role=\"region\" aria-label=\"Hotel Canino\" data-height=\"471\" data-width=\"800\">\n    <div id=\"metaslider_container_1529\">\n        <div id=\"metaslider_1529\">\n            <ul class='slides'>\n                <li style=\"display: block; width: 100%;\" class=\"slide-1535 ms-image \" aria-roledescription=\"slide\" data-date=\"2019-02-18 18:57:42\" data-filename=\"Hotel-Canino-Quinta-da-Fonte-2-631x372.jpg\" data-slide-type=\"image\"><img loading=\"lazy\" decoding=\"async\" src=\"https:\/\/quintadafonte.com.pt\/turismo\/wp-content\/uploads\/2019\/02\/Hotel-Canino-Quinta-da-Fonte-2-631x372.jpg\" height=\"471\" width=\"800\" alt=\"\" class=\"slider-1529 slide-1535 msDefaultImage\" title=\"Hotel Canino Quinta da Fonte 2\" \/><\/li>\n                <li style=\"display: none; width: 100%;\" class=\"slide-1536 ms-image \" aria-roledescription=\"slide\" data-date=\"2019-02-18 18:57:42\" data-filename=\"Hotel-Canino-Quinta-da-Fonte-631x372.jpg\" data-slide-type=\"image\"><img loading=\"lazy\" decoding=\"async\" src=\"https:\/\/quintadafonte.com.pt\/turismo\/wp-content\/uploads\/2019\/02\/Hotel-Canino-Quinta-da-Fonte-631x372.jpg\" height=\"471\" width=\"800\" alt=\"\" class=\"slider-1529 slide-1536 msDefaultImage\" title=\"Hotel Canino Quinta da Fonte\" \/><\/li>\n                <li style=\"display: none; width: 100%;\" class=\"slide-1537 ms-image \" aria-roledescription=\"slide\" data-date=\"2019-02-18 18:57:42\" data-filename=\"Hotel-Canino-728x429.jpg\" data-slide-type=\"image\"><img loading=\"lazy\" decoding=\"async\" src=\"https:\/\/quintadafonte.com.pt\/turismo\/wp-content\/uploads\/2019\/02\/Hotel-Canino-728x429.jpg\" height=\"471\" width=\"800\" alt=\"\" class=\"slider-1529 slide-1537 msDefaultImage\" title=\"Hotel-Canino\" \/><\/li>\n                <li style=\"display: none; width: 100%;\" class=\"slide-1538 ms-image \" aria-roledescription=\"slide\" data-date=\"2019-02-18 18:57:42\" data-filename=\"Hotel-Canino-2-728x429.jpg\" data-slide-type=\"image\"><img loading=\"lazy\" decoding=\"async\" src=\"https:\/\/quintadafonte.com.pt\/turismo\/wp-content\/uploads\/2019\/02\/Hotel-Canino-2-728x429.jpg\" height=\"471\" width=\"800\" alt=\"\" class=\"slider-1529 slide-1538 msDefaultImage\" title=\"Hotel-Canino-2\" \/><\/li>\n                <li style=\"display: none; width: 100%;\" class=\"slide-1539 ms-image \" aria-roledescription=\"slide\" data-date=\"2019-02-18 18:57:42\" data-filename=\"Hotel-Canino-4-730x430.jpg\" data-slide-type=\"image\"><img loading=\"lazy\" decoding=\"async\" src=\"https:\/\/quintadafonte.com.pt\/turismo\/wp-content\/uploads\/2019\/02\/Hotel-Canino-4-730x430.jpg\" height=\"471\" width=\"800\" alt=\"\" class=\"slider-1529 slide-1539 msDefaultImage\" title=\"Hotel-Canino-4\" \/><\/li>\n            <\/ul>\n        <\/div>\n        \n    <\/div>\n<\/div><\/div><\/div><\/div><div id=\"pg-664-1\"  class=\"panel-grid panel-no-style\" ><div id=\"pgc-664-1-0\"  class=\"panel-grid-cell\" ><div id=\"panel-664-1-0-0\" class=\"so-panel widget widget_themegrill_flash_image tg-widget tg-image-widget panel-first-child panel-last-child\" data-index=\"1\" >\t<img decoding=\"async\" src=\"https:\/\/quintadafonte.com.pt\/turismo\/wp-content\/uploads\/2019\/02\/espaco.png\" \/>\n<\/div><\/div><\/div><div id=\"pg-664-2\"  class=\"panel-grid panel-no-style\" ><div id=\"pgc-664-2-0\"  class=\"panel-grid-cell\" ><div id=\"panel-664-2-0-0\" class=\"so-panel widget widget_black-studio-tinymce widget_black_studio_tinymce panel-first-child panel-last-child\" data-index=\"2\" ><div class=\"textwidget\"><p>O Hotel\u00a0Canino nasceu e cresceu com base no gosto e dedica\u00e7\u00e3o que temos pelos animais e pelo ambiente.<\/p>\n<p>Al\u00e9m do prazer, temos todas as condi\u00e7\u00f5es para cuidar e dedicar toda a aten\u00e7\u00e3o ao seu melhor amigo, sem ter de se privar dos seus momentos de lazer.<\/p>\n<p>Estamos instalados numa quinta rural, onde os c\u00e3es gozam de espa\u00e7o e podem dar as suas corridas e refrescar-se na piscina que existe especialmente para eles, num ambiente campestre em harmonia com a natureza.<\/p>\n<div class=\"art-postcontent clearfix\">\n<div id=\"pl-48\" class=\"panel-layout\">\n<div id=\"pg-48-0\" class=\"panel-grid panel-no-style\">\n<div id=\"pgc-48-0-0\" class=\"panel-grid-cell\">\n<div id=\"panel-48-0-0-0\" class=\"so-panel widget widget_black-studio-tinymce widget_black_studio_tinymce panel-first-child panel-last-child\" data-index=\"0\">\n<div class=\"textwidget\">\n<h1><\/h1>\n<\/div>\n<\/div>\n<\/div>\n<\/div>\n<\/div>\n<\/div>\n<\/div><\/div><\/div><\/div><div id=\"pg-664-3\"  class=\"panel-grid panel-no-style\" ><div id=\"pgc-664-3-0\"  class=\"panel-grid-cell\" ><div id=\"panel-664-3-0-0\" class=\"so-panel widget widget_black-studio-tinymce widget_black_studio_tinymce panel-first-child panel-last-child\" data-index=\"3\" ><div class=\"textwidget\"><h4 class=\"art-postheader\"><span style=\"color: #008080;\">\u00a0<\/span><\/h4>\n<div class=\"art-postcontent clearfix\">\n<div id=\"pl-48\" class=\"panel-layout\">\n<div id=\"pg-48-0\" class=\"panel-grid panel-no-style\">\n<div id=\"pgc-48-0-0\" class=\"panel-grid-cell\">\n<div id=\"panel-48-0-0-0\" class=\"so-panel widget widget_black-studio-tinymce widget_black_studio_tinymce panel-first-child panel-last-child\" data-index=\"0\">\n<div class=\"textwidget\">\n<p><strong><span style=\"color: #008080;\"><i class=\"fa fa-calendar-check-o \" ><\/i>\u00a0 <\/span><\/strong>No Hotel Canino as reservas podem ser feitas on-line, com o preenchimento do <strong><a href=\"#\">formul\u00e1rio de contacto<\/a> <\/strong>ou por contacto telef\u00f3nico, atrav\u00e9s dos n\u00fameros indicados no menu contactos.<\/p>\n<p>Os servi\u00e7os t\u00e9cnicos s\u00e3o assegurados pela veterin\u00e1ria Dr. Pedro Sobral<\/p>\n<h3 class=\"art-postheader\"><span style=\"color: #008080;\">Normas<\/span><\/h3>\n<p>&nbsp;<\/p>\n<p style=\"padding-left: 30px;\"><strong><span style=\"color: #008080;\"><i class=\"fa fa-paw \" ><\/i>\u00a0<\/span><\/strong> A admiss\u00e3o de c\u00e3es para hospedagem requer marca\u00e7\u00e3o pr\u00e9via.<\/p>\n<p style=\"padding-left: 30px;\"><span style=\"color: #008080;\"><strong><i class=\"fa fa-paw \" ><\/i><\/strong>\u00a0<\/span> Apresenta\u00e7\u00e3o da caderneta de vacinas, devidamente actualizada.<\/p>\n<h3><span style=\"color: #008080;\"><strong>Cuidados veterin\u00e1rios obrigat\u00f3rios no Hotel Canino<\/strong><\/span><\/h3>\n<p>&nbsp;<\/p>\n<p style=\"padding-left: 30px;\"><span style=\"color: #008080;\"><strong><i class=\"fa fa-paw \" ><\/i><\/strong><\/span>\u00a0 Apresenta\u00e7\u00e3o da caderneta de vacinas, devidamente actualizada<\/p>\n<p style=\"padding-left: 30px;\"><span style=\"color: #008080;\"><strong><i class=\"fa fa-paw \" ><\/i><\/strong>\u00a0<\/span> Os c\u00e3es, quando entram nas instala\u00e7\u00f5es, se necess\u00e1rio, s\u00e3o observados pela Veterin\u00e1ria assistente, a fim de verificar o seu estado de sa\u00fade e ser\u00e3o protegidos, individualmente, se tamb\u00e9m for necess\u00e1rio, contra o Phebotumos \u2013 mosquito transmissor da Leishmaniose , com uma coleira ou pipeta repelente de insectos e carra\u00e7as.<\/p>\n<p style=\"padding-left: 30px;\"><span style=\"color: #008080;\"><strong><i class=\"fa fa-paw \" ><\/i><\/strong>\u00a0<\/span> \u00c9 obrigat\u00f3rio estarem imunizados com a vacina contra a tosse do canil.<\/p>\n<h3><strong><span style=\"color: #008080;\">Instala\u00e7\u00f5es <\/span><\/strong><\/h3>\n<p>&nbsp;<\/p>\n<p style=\"padding-left: 30px;\"><span style=\"color: #008080;\"><strong><i class=\"fa fa-paw \" ><\/i><\/strong><\/span>\u00a0Boxes , constru\u00eddas em alvenaria, com as dimens\u00f5es de\u00a05 metros por 2 metros.<\/p>\n<p style=\"padding-left: 30px;\"><span style=\"color: #008080;\"><strong><i class=\"fa fa-paw \" ><\/i><\/strong><\/span>\u00a0 Cobertura t\u00e9rmica, proporcionando uma temperatura interior mais agrad\u00e1vel.<\/p>\n<p style=\"padding-left: 30px;\"><span style=\"color: #008080;\"><strong><i class=\"fa fa-paw \" ><\/i><\/strong><\/span>\u00a0 Bebedouros autom\u00e1ticos.<\/p>\n<p style=\"padding-left: 30px;\"><span style=\"color: #008080;\"><strong><i class=\"fa fa-paw \" ><\/i><\/strong><\/span>\u00a0 Espa\u00e7o de recreio com a \u00e1rea de 2.000 m2.<\/p>\n<p style=\"padding-left: 30px;\"><span style=\"color: #008080;\"><strong><i class=\"fa fa-paw \" ><\/i><\/strong><\/span>\u00a0 O Hotel Canino disp\u00f5e de espa\u00e7os independentes destinados a:<\/p>\n<p style=\"padding-left: 30px;\"><span style=\"color: #008080;\"><strong><i class=\"fa fa-paw \" ><\/i><\/strong>\u00a0<\/span> banhos, ra\u00e7\u00f5es, Veterin\u00e1rio e WC.<\/p>\n<p style=\"padding-left: 30px;\"><span style=\"color: #008080;\"><strong><i class=\"fa fa-paw \" ><\/i><\/strong><\/span>\u00a0 Dispomos, ainda, de piscina para os nossos melhores amigos.<\/p>\n<p style=\"padding-left: 30px;\"><strong><span style=\"color: #008080;\"><i class=\"fa fa-clipboard \" ><\/i> <\/span><\/strong>TEMOS LIVRO DE RECLAMA\u00c7\u00d5ES<\/p>\n<h4><span style=\"color: #008080;\">O Hotel Canino \u00e9 o lugar ideal para o seu fiel amigo<\/span><\/h4>\n<\/div>\n<\/div>\n<\/div>\n<\/div>\n<\/div>\n<\/div>\n<\/div><\/div><\/div><\/div><\/div>","protected":false},"excerpt":{"rendered":"<p>O Hotel\u00a0Canino nasceu e cresceu com base no gosto e dedica\u00e7\u00e3o que temos pelos animais e pelo ambiente. Al\u00e9m do [&hellip;]<\/p>\n","protected":false},"author":1,"featured_media":0,"parent":0,"menu_order":0,"comment_status":"closed","ping_status":"closed","template":"","meta":{"footnotes":""},"class_list":["post-664","page","type-page","status-publish","hentry"],"_links":{"self":[{"href":"https:\/\/quintadafonte.com.pt\/turismo\/wp-json\/wp\/v2\/pages\/664","targetHints":{"allow":["GET"]}}],"collection":[{"href":"https:\/\/quintadafonte.com.pt\/turismo\/wp-json\/wp\/v2\/pages"}],"about":[{"href":"https:\/\/quintadafonte.com.pt\/turismo\/wp-json\/wp\/v2\/types\/page"}],"author":[{"embeddable":true,"href":"https:\/\/quintadafonte.com.pt\/turismo\/wp-json\/wp\/v2\/users\/1"}],"replies":[{"embeddable":true,"href":"https:\/\/quintadafonte.com.pt\/turismo\/wp-json\/wp\/v2\/comments?post=664"}],"version-history":[{"count":18,"href":"https:\/\/quintadafonte.com.pt\/turismo\/wp-json\/wp\/v2\/pages\/664\/revisions"}],"predecessor-version":[{"id":1542,"href":"https:\/\/quintadafonte.com.pt\/turismo\/wp-json\/wp\/v2\/pages\/664\/revisions\/1542"}],"wp:attachment":[{"href":"https:\/\/quintadafonte.com.pt\/turismo\/wp-json\/wp\/v2\/media?parent=664"}],"curies":[{"name":"wp","href":"https:\/\/api.w.org\/{rel}","templated":true}]}}